{"id":543,"date":"2022-12-26T12:40:32","date_gmt":"2022-12-26T12:40:32","guid":{"rendered":"https:\/\/tipotemporarioblogs.com.br\/apantigo\/?page_id=543"},"modified":"2024-02-28T15:10:38","modified_gmt":"2024-02-28T15:10:38","slug":"contato","status":"publish","type":"page","link":"https:\/\/tipotemporarioblogs.com.br\/apantigo\/contato\/","title":{"rendered":"Contato"},"content":{"rendered":"\t\t<div data-elementor-type=\"wp-page\" data-elementor-id=\"543\" class=\"elementor elementor-543\">\n\t\t\t\t\t\t<section class=\"elementor-section elementor-top-section elementor-element elementor-element-40402d9 elementor-section-full_width elementor-section-height-default elementor-section-height-default\" data-id=\"40402d9\" data-element_type=\"section\" data-settings=\"{&quot;background_background&quot;:&quot;classic&quot;}\">\n\t\t\t\t\t\t\t<div class=\"elementor-background-overlay\"><\/div>\n\t\t\t\t\t\t\t<div class=\"elementor-container elementor-column-gap-default\">\n\t\t\t\t\t<div class=\"elementor-column elementor-col-100 elementor-top-column elementor-element elementor-element-4d16f5e\" data-id=\"4d16f5e\" data-element_type=\"column\">\n\t\t\t<div class=\"elementor-widget-wrap elementor-element-populated\">\n\t\t\t\t\t\t<section class=\"elementor-section elementor-inner-section elementor-element elementor-element-6c943ec elementor-section-boxed elementor-section-height-default elementor-section-height-default\" data-id=\"6c943ec\" data-element_type=\"section\">\n\t\t\t\t\t\t<div class=\"elementor-container elementor-column-gap-default\">\n\t\t\t\t\t<div class=\"elementor-column elementor-col-50 elementor-inner-column elementor-element elementor-element-08e384e\" data-id=\"08e384e\" data-element_type=\"column\">\n\t\t\t<div class=\"elementor-widget-wrap elementor-element-populated\">\n\t\t\t\t\t\t<div class=\"elementor-element elementor-element-1a0214b elementor-widget elementor-widget-heading\" data-id=\"1a0214b\" data-element_type=\"widget\" data-widget_type=\"heading.default\">\n\t\t\t\t<div class=\"elementor-widget-container\">\n\t\t\t<h1 class=\"elementor-heading-title elementor-size-default\">Contato<\/h1>\t\t<\/div>\n\t\t\t\t<\/div>\n\t\t\t\t\t<\/div>\n\t\t<\/div>\n\t\t\t\t<div class=\"elementor-column elementor-col-50 elementor-inner-column elementor-element elementor-element-4472f8d\" data-id=\"4472f8d\" data-element_type=\"column\">\n\t\t\t<div class=\"elementor-widget-wrap elementor-element-populated\">\n\t\t\t\t\t\t<div class=\"elementor-element elementor-element-9f69a35 elementor-widget elementor-widget-text-editor\" data-id=\"9f69a35\" data-element_type=\"widget\" data-widget_type=\"text-editor.default\">\n\t\t\t\t<div class=\"elementor-widget-container\">\n\t\t\t\t\t\t\t<p>Com mais de cinco d\u00e9cadas de experi\u00eancia, a cada dia a APEMA se fortalece ainda mais para manter sua filosofia de apresentar a seus clientes uma atua\u00e7\u00e3o eficaz em todos os sentidos, sendo fiel aos princ\u00edpios de compet\u00eancia e responsabilidade instaurados pelos seus fundadores.<\/p>\t\t\t\t\t\t<\/div>\n\t\t\t\t<\/div>\n\t\t\t\t\t<\/div>\n\t\t<\/div>\n\t\t\t\t\t<\/div>\n\t\t<\/section>\n\t\t\t\t\t<\/div>\n\t\t<\/div>\n\t\t\t\t\t<\/div>\n\t\t<\/section>\n\t\t\t\t<section class=\"elementor-section elementor-top-section elementor-element elementor-element-77e17a7 elementor-section-boxed elementor-section-height-default elementor-section-height-default\" data-id=\"77e17a7\" data-element_type=\"section\">\n\t\t\t\t\t\t<div class=\"elementor-container elementor-column-gap-default\">\n\t\t\t\t\t<div class=\"elementor-column elementor-col-33 elementor-top-column elementor-element elementor-element-22edd6a\" data-id=\"22edd6a\" data-element_type=\"column\" data-settings=\"{&quot;background_background&quot;:&quot;classic&quot;}\">\n\t\t\t<div class=\"elementor-widget-wrap elementor-element-populated\">\n\t\t\t\t\t\t<div class=\"elementor-element elementor-element-b9585c4 elementor-widget elementor-widget-text-editor\" data-id=\"b9585c4\" data-element_type=\"widget\" data-widget_type=\"text-editor.default\">\n\t\t\t\t<div class=\"elementor-widget-container\">\n\t\t\t\t\t\t\t\n<div class=\"wpcf7 no-js\" id=\"wpcf7-f545-o1\" lang=\"pt-BR\" dir=\"ltr\">\n<div class=\"screen-reader-response\"><p role=\"status\" aria-live=\"polite\" aria-atomic=\"true\"><\/p> <ul><\/ul><\/div>\n<form action=\"\/apantigo\/wp-json\/wp\/v2\/pages\/543#wpcf7-f545-o1\" method=\"post\" class=\"wpcf7-form init\" aria-label=\"Formul\u00e1rios de contato\" novalidate=\"novalidate\" data-status=\"init\">\n<div style=\"display: none;\">\n<input type=\"hidden\" name=\"_wpcf7\" value=\"545\" \/>\n<input type=\"hidden\" name=\"_wpcf7_version\" value=\"5.9.8\" \/>\n<input type=\"hidden\" name=\"_wpcf7_locale\" value=\"pt_BR\" \/>\n<input type=\"hidden\" name=\"_wpcf7_unit_tag\" value=\"wpcf7-f545-o1\" \/>\n<input type=\"hidden\" name=\"_wpcf7_container_post\" value=\"0\" \/>\n<input type=\"hidden\" name=\"_wpcf7_posted_data_hash\" value=\"\" \/>\n<\/div>\n<p><span class=\"wpcf7-form-control-wrap\" data-name=\"Nome\"><input size=\"40\" maxlength=\"400\" class=\"wpcf7-form-control wpcf7-text wpcf7-validates-as-required Nome\" id=\"Nome\" aria-required=\"true\" aria-invalid=\"false\" placeholder=\"Nome\" value=\"\" type=\"text\" name=\"Nome\" \/><\/span><br \/>\n<span class=\"wpcf7-form-control-wrap\" data-name=\"Email\"><input size=\"40\" maxlength=\"400\" class=\"wpcf7-form-control wpcf7-email wpcf7-text wpcf7-validates-as-email Email\" id=\"Email\" aria-invalid=\"false\" placeholder=\"Email\" value=\"\" type=\"email\" name=\"Email\" \/><\/span><br \/>\n<span class=\"wpcf7-form-control-wrap\" data-name=\"Telefone\"><input size=\"40\" maxlength=\"400\" class=\"wpcf7-form-control wpcf7-tel wpcf7-text wpcf7-validates-as-tel Telefone\" id=\"Telefone\" aria-invalid=\"false\" placeholder=\"Telefone\" value=\"\" type=\"tel\" name=\"Telefone\" \/><\/span><br \/>\n<span class=\"wpcf7-form-control-wrap\" data-name=\"Empresa\"><input size=\"40\" maxlength=\"400\" class=\"wpcf7-form-control wpcf7-text wpcf7-validates-as-required Empresa\" id=\"Empresa\" aria-required=\"true\" aria-invalid=\"false\" placeholder=\"Empresa\" value=\"\" type=\"text\" name=\"Empresa\" \/><\/span><br \/>\n<span class=\"wpcf7-form-control-wrap\" data-name=\"Cargo\"><input size=\"40\" maxlength=\"400\" class=\"wpcf7-form-control wpcf7-text wpcf7-validates-as-required Cargo\" id=\"Cargo\" aria-required=\"true\" aria-invalid=\"false\" placeholder=\"Cargo\" value=\"\" type=\"text\" name=\"Cargo\" \/><\/span><br \/>\n<span class=\"wpcf7-form-control-wrap\" data-name=\"Assunto\"><input size=\"40\" maxlength=\"400\" class=\"wpcf7-form-control wpcf7-text wpcf7-validates-as-required Assunto\" id=\"Assunto\" aria-required=\"true\" aria-invalid=\"false\" placeholder=\"Assunto\" value=\"\" type=\"text\" name=\"Assunto\" \/><\/span><br \/>\n<span class=\"wpcf7-form-control-wrap\" data-name=\"Mensagem\"><textarea cols=\"40\" rows=\"10\" maxlength=\"2000\" class=\"wpcf7-form-control wpcf7-textarea wpcf7-validates-as-required Mensagem\" id=\"Mensagem\" aria-required=\"true\" aria-invalid=\"false\" placeholder=\"Mensagem\" name=\"Mensagem\"><\/textarea><\/span>\n<\/p>\n<p><span class=\"wpcf7-form-control-wrap\" data-name=\"acceptance-420\"><span class=\"wpcf7-form-control wpcf7-acceptance\"><span class=\"wpcf7-list-item\"><label><input type=\"checkbox\" name=\"acceptance-420\" value=\"1\" class=\"aceite\" id=\"aceite\" aria-invalid=\"false\" \/><span class=\"wpcf7-list-item-label\">Eu autorizo compartilhar meus dados com a Apema Equipamentos Industriais, de acordo com a Lei Geral de Prote\u00e7\u00e3o de Dados (Lei brasileira n\u00famero 13709\/2018).<\/span><\/label><\/span><\/span><\/span>\n<\/p>\n<p><input class=\"wpcf7-form-control wpcf7-submit has-spinner\" type=\"submit\" value=\"Enviar\" \/>\n<\/p><div class=\"wpcf7-response-output\" aria-hidden=\"true\"><\/div>\n<\/form>\n<\/div>\n\t\t\t\t\t\t<\/div>\n\t\t\t\t<\/div>\n\t\t\t\t\t<\/div>\n\t\t<\/div>\n\t\t\t\t<div class=\"elementor-column elementor-col-33 elementor-top-column elementor-element elementor-element-7882554\" data-id=\"7882554\" data-element_type=\"column\">\n\t\t\t<div class=\"elementor-widget-wrap\">\n\t\t\t\t\t\t\t<\/div>\n\t\t<\/div>\n\t\t\t\t<div class=\"elementor-column elementor-col-33 elementor-top-column elementor-element elementor-element-7679038\" data-id=\"7679038\" data-element_type=\"column\">\n\t\t\t<div class=\"elementor-widget-wrap elementor-element-populated\">\n\t\t\t\t\t\t<section class=\"elementor-section elementor-inner-section elementor-element elementor-element-b25adf2 elementor-section-boxed elementor-section-height-default elementor-section-height-default elementor-invisible\" data-id=\"b25adf2\" data-element_type=\"section\" data-settings=\"{&quot;animation&quot;:&quot;fadeIn&quot;}\">\n\t\t\t\t\t\t<div class=\"elementor-container elementor-column-gap-default\">\n\t\t\t\t\t<div class=\"elementor-column elementor-col-100 elementor-inner-column elementor-element elementor-element-f1c60f4\" data-id=\"f1c60f4\" data-element_type=\"column\">\n\t\t\t<div class=\"elementor-widget-wrap elementor-element-populated\">\n\t\t\t\t\t\t<div class=\"elementor-element elementor-element-3300240 elementor-widget elementor-widget-text-editor\" data-id=\"3300240\" data-element_type=\"widget\" data-widget_type=\"text-editor.default\">\n\t\t\t\t<div class=\"elementor-widget-container\">\n\t\t\t\t\t\t\t<p>Entre em contato agora mesmo<\/p>\t\t\t\t\t\t<\/div>\n\t\t\t\t<\/div>\n\t\t\t\t<div class=\"elementor-element elementor-element-2128426 elementor-position-left elementor-vertical-align-middle elementor-widget elementor-widget-image-box\" data-id=\"2128426\" data-element_type=\"widget\" data-widget_type=\"image-box.default\">\n\t\t\t\t<div class=\"elementor-widget-container\">\n\t\t\t<div class=\"elementor-image-box-wrapper\"><figure class=\"elementor-image-box-img\"><img decoding=\"async\" src=\"https:\/\/tipotemporarioblogs.com.br\/apantigo\/wp-content\/uploads\/elementor\/thumbs\/Frame-2473-qvo9vvj8lydp7u1wqpmkn9ppqxcjer8wq1ricnhbio.png\" title=\"Frame 2473\" alt=\"\" loading=\"lazy\" \/><\/figure><div class=\"elementor-image-box-content\"><p class=\"elementor-image-box-description\">(11) 4128-2577      <br>    <i class=\"fa fa-whatsapp\" aria-hidden=\"true\"><\/i>\n   (11) 95581-6939<smal> (Apenas mensagens)<\/small \n\n<\/p><\/div><\/div>\t\t<\/div>\n\t\t\t\t<\/div>\n\t\t\t\t<div class=\"elementor-element elementor-element-dae984f elementor-position-left elementor-vertical-align-top elementor-widget elementor-widget-image-box\" data-id=\"dae984f\" data-element_type=\"widget\" data-widget_type=\"image-box.default\">\n\t\t\t\t<div class=\"elementor-widget-container\">\n\t\t\t<div class=\"elementor-image-box-wrapper\"><figure class=\"elementor-image-box-img\"><img decoding=\"async\" src=\"https:\/\/tipotemporarioblogs.com.br\/apantigo\/wp-content\/uploads\/elementor\/thumbs\/Frame-2480-qvoa02v96a4v51y3711iapixdymmu0xoyusom78xow.png\" title=\"Frame 2480\" alt=\"\" loading=\"lazy\" \/><\/figure><div class=\"elementor-image-box-content\"><h3 class=\"elementor-image-box-title\">APEMA Equipamentos Industriais LTDA<\/h3><p class=\"elementor-image-box-description\">Rua Tiradentes, 2.356 \u2013 Vila do Tanque\n S\u00e3o Bernardo do Campo \u2013 SP\n CEP: 09781-220<\/p><\/div><\/div>\t\t<\/div>\n\t\t\t\t<\/div>\n\t\t\t\t<div class=\"elementor-element elementor-element-15842fb elementor-position-left elementor-vertical-align-top elementor-widget elementor-widget-image-box\" data-id=\"15842fb\" data-element_type=\"widget\" data-widget_type=\"image-box.default\">\n\t\t\t\t<div class=\"elementor-widget-container\">\n\t\t\t<div class=\"elementor-image-box-wrapper\"><figure class=\"elementor-image-box-img\"><img decoding=\"async\" src=\"https:\/\/tipotemporarioblogs.com.br\/apantigo\/wp-content\/uploads\/elementor\/thumbs\/Frame-2474-qvo9vwh2ssezjg0jl8177rh6cb7wmgcn26eztxfxcg.png\" title=\"Frame 2474\" alt=\"\" loading=\"lazy\" \/><\/figure><div class=\"elementor-image-box-content\"><p class=\"elementor-image-box-description\">vendas@apema.com.br<br>\n<strong>D\u00favidas, sugest\u00f5es e reclama\u00e7\u00f5es<\/strong><\/p><\/div><\/div>\t\t<\/div>\n\t\t\t\t<\/div>\n\t\t\t\t\t<\/div>\n\t\t<\/div>\n\t\t\t\t\t<\/div>\n\t\t<\/section>\n\t\t\t\t<div class=\"elementor-element elementor-element-c270342 elementor-widget elementor-widget-text-editor\" data-id=\"c270342\" data-element_type=\"widget\" data-widget_type=\"text-editor.default\">\n\t\t\t\t<div class=\"elementor-widget-container\">\n\t\t\t\t\t\t\t<iframe src=\"https:\/\/www.google.com\/maps\/embed?pb=!1m18!1m12!1m3!1d3652.5248519551355!2d-46.53234662517364!3d-23.72865617868518!2m3!1f0!2f0!3f0!3m2!1i1024!2i768!4f13.1!3m3!1m2!1s0x94ce41c42df93865%3A0xd846131a79c0e2c8!2sApema%20Aparelhos%20Pe%C3%A7as%20M%C3%A1quinas%20Industriais!5e0!3m2!1spt-BR!2sbr!4v1682467016548!5m2!1spt-BR!2sbr\" width=\"600\" height=\"450\" style=\"border:0;\" allowfullscreen=\"\" loading=\"lazy\" referrerpolicy=\"no-referrer-when-downgrade\"><\/iframe>\t\t\t\t\t\t<\/div>\n\t\t\t\t<\/div>\n\t\t\t\t\t<\/div>\n\t\t<\/div>\n\t\t\t\t\t<\/div>\n\t\t<\/section>\n\t\t\t\t<\/div>\n\t\t","protected":false},"excerpt":{"rendered":"<p>Contato Com mais de cinco d\u00e9cadas de experi\u00eancia, a cada dia a APEMA se fortalece ainda mais para manter sua filosofia de apresentar a seus clientes uma atua\u00e7\u00e3o eficaz em todos os sentidos, sendo fiel aos princ\u00edpios de compet\u00eancia e responsabilidade instaurados pelos seus fundadores. Entre em contato agora mesmo (11) 4128-2577 (11) 95581-6939 (Apenas [&hellip;]<\/p>\n","protected":false},"author":2,"featured_media":0,"parent":0,"menu_order":0,"comment_status":"closed","ping_status":"closed","template":"elementor_header_footer","meta":{"footnotes":""},"class_list":["post-543","page","type-page","status-publish","hentry"],"yoast_head":"<!-- This site is optimized with the Yoast SEO plugin v23.6 - https:\/\/yoast.com\/wordpress\/plugins\/seo\/ -->\n<title>Contato - Apema<\/title>\n<meta name=\"robots\" content=\"noindex, follow, max-snippet:-1, max-image-preview:large, max-video-preview:-1\" \/>\n<meta property=\"og:locale\" content=\"pt_BR\" \/>\n<meta property=\"og:type\" content=\"article\" \/>\n<meta property=\"og:title\" content=\"Contato - Apema\" \/>\n<meta property=\"og:description\" content=\"Contato Com mais de cinco d\u00e9cadas de experi\u00eancia, a cada dia a APEMA se fortalece ainda mais para manter sua filosofia de apresentar a seus clientes uma atua\u00e7\u00e3o eficaz em todos os sentidos, sendo fiel aos princ\u00edpios de compet\u00eancia e responsabilidade instaurados pelos seus fundadores. Entre em contato agora mesmo (11) 4128-2577 (11) 95581-6939 (Apenas [&hellip;]\" \/>\n<meta property=\"og:url\" content=\"https:\/\/tipotemporarioblogs.com.br\/apantigo\/contato\/\" \/>\n<meta property=\"og:site_name\" content=\"Apema\" \/>\n<meta property=\"article:modified_time\" content=\"2024-02-28T15:10:38+00:00\" \/>\n<meta property=\"og:image\" content=\"https:\/\/tipotemporarioblogs.com.br\/apantigo\/wp-content\/uploads\/elementor\/thumbs\/Frame-2473-pzeh1xay02vf54iwvpuafe66ut6hldmsoxa44t3fuo.png\" \/>\n<meta name=\"twitter:card\" content=\"summary_large_image\" \/>\n<meta name=\"twitter:label1\" content=\"Est. tempo de leitura\" \/>\n\t<meta name=\"twitter:data1\" content=\"2 minutos\" \/>\n<script type=\"application\/ld+json\" class=\"yoast-schema-graph\">{\"@context\":\"https:\/\/schema.org\",\"@graph\":[{\"@type\":\"WebPage\",\"@id\":\"https:\/\/tipotemporarioblogs.com.br\/apantigo\/contato\/\",\"url\":\"https:\/\/tipotemporarioblogs.com.br\/apantigo\/contato\/\",\"name\":\"Contato - Apema\",\"isPartOf\":{\"@id\":\"https:\/\/tipotemporarioblogs.com.br\/apantigo\/#website\"},\"primaryImageOfPage\":{\"@id\":\"https:\/\/tipotemporarioblogs.com.br\/apantigo\/contato\/#primaryimage\"},\"image\":{\"@id\":\"https:\/\/tipotemporarioblogs.com.br\/apantigo\/contato\/#primaryimage\"},\"thumbnailUrl\":\"https:\/\/tipotemporarioblogs.com.br\/apantigo\/wp-content\/uploads\/elementor\/thumbs\/Frame-2473-pzeh1xay02vf54iwvpuafe66ut6hldmsoxa44t3fuo.png\",\"datePublished\":\"2022-12-26T12:40:32+00:00\",\"dateModified\":\"2024-02-28T15:10:38+00:00\",\"breadcrumb\":{\"@id\":\"https:\/\/tipotemporarioblogs.com.br\/apantigo\/contato\/#breadcrumb\"},\"inLanguage\":\"pt-BR\",\"potentialAction\":[{\"@type\":\"ReadAction\",\"target\":[\"https:\/\/tipotemporarioblogs.com.br\/apantigo\/contato\/\"]}]},{\"@type\":\"ImageObject\",\"inLanguage\":\"pt-BR\",\"@id\":\"https:\/\/tipotemporarioblogs.com.br\/apantigo\/contato\/#primaryimage\",\"url\":\"https:\/\/tipotemporarioblogs.com.br\/apantigo\/wp-content\/uploads\/elementor\/thumbs\/Frame-2473-pzeh1xay02vf54iwvpuafe66ut6hldmsoxa44t3fuo.png\",\"contentUrl\":\"https:\/\/tipotemporarioblogs.com.br\/apantigo\/wp-content\/uploads\/elementor\/thumbs\/Frame-2473-pzeh1xay02vf54iwvpuafe66ut6hldmsoxa44t3fuo.png\"},{\"@type\":\"BreadcrumbList\",\"@id\":\"https:\/\/tipotemporarioblogs.com.br\/apantigo\/contato\/#breadcrumb\",\"itemListElement\":[{\"@type\":\"ListItem\",\"position\":1,\"name\":\"In\u00edcio\",\"item\":\"https:\/\/apema.com.br\/\"},{\"@type\":\"ListItem\",\"position\":2,\"name\":\"Contato\"}]},{\"@type\":\"WebSite\",\"@id\":\"https:\/\/tipotemporarioblogs.com.br\/apantigo\/#website\",\"url\":\"https:\/\/tipotemporarioblogs.com.br\/apantigo\/\",\"name\":\"Apema\",\"description\":\"Trocadores de calor a placas Desmont\u00e1veis | Apema.com.br | S\u00e3o Paulo\",\"publisher\":{\"@id\":\"https:\/\/tipotemporarioblogs.com.br\/apantigo\/#organization\"},\"potentialAction\":[{\"@type\":\"SearchAction\",\"target\":{\"@type\":\"EntryPoint\",\"urlTemplate\":\"https:\/\/tipotemporarioblogs.com.br\/apantigo\/?s={search_term_string}\"},\"query-input\":{\"@type\":\"PropertyValueSpecification\",\"valueRequired\":true,\"valueName\":\"search_term_string\"}}],\"inLanguage\":\"pt-BR\"},{\"@type\":\"Organization\",\"@id\":\"https:\/\/tipotemporarioblogs.com.br\/apantigo\/#organization\",\"name\":\"Apema\",\"url\":\"https:\/\/tipotemporarioblogs.com.br\/apantigo\/\",\"logo\":{\"@type\":\"ImageObject\",\"inLanguage\":\"pt-BR\",\"@id\":\"https:\/\/tipotemporarioblogs.com.br\/apantigo\/#\/schema\/logo\/image\/\",\"url\":\"https:\/\/tipotemporarioblogs.com.br\/apantigo\/wp-content\/uploads\/2022\/10\/Logo-padrao.png\",\"contentUrl\":\"https:\/\/tipotemporarioblogs.com.br\/apantigo\/wp-content\/uploads\/2022\/10\/Logo-padrao.png\",\"width\":612,\"height\":792,\"caption\":\"Apema\"},\"image\":{\"@id\":\"https:\/\/tipotemporarioblogs.com.br\/apantigo\/#\/schema\/logo\/image\/\"}}]}<\/script>\n<!-- \/ Yoast SEO plugin. -->","yoast_head_json":{"title":"Contato - Apema","robots":{"index":"noindex","follow":"follow","max-snippet":"max-snippet:-1","max-image-preview":"max-image-preview:large","max-video-preview":"max-video-preview:-1"},"og_locale":"pt_BR","og_type":"article","og_title":"Contato - Apema","og_description":"Contato Com mais de cinco d\u00e9cadas de experi\u00eancia, a cada dia a APEMA se fortalece ainda mais para manter sua filosofia de apresentar a seus clientes uma atua\u00e7\u00e3o eficaz em todos os sentidos, sendo fiel aos princ\u00edpios de compet\u00eancia e responsabilidade instaurados pelos seus fundadores. Entre em contato agora mesmo (11) 4128-2577 (11) 95581-6939 (Apenas [&hellip;]","og_url":"https:\/\/tipotemporarioblogs.com.br\/apantigo\/contato\/","og_site_name":"Apema","article_modified_time":"2024-02-28T15:10:38+00:00","og_image":[{"url":"https:\/\/tipotemporarioblogs.com.br\/apantigo\/wp-content\/uploads\/elementor\/thumbs\/Frame-2473-pzeh1xay02vf54iwvpuafe66ut6hldmsoxa44t3fuo.png"}],"twitter_card":"summary_large_image","twitter_misc":{"Est. tempo de leitura":"2 minutos"},"schema":{"@context":"https:\/\/schema.org","@graph":[{"@type":"WebPage","@id":"https:\/\/tipotemporarioblogs.com.br\/apantigo\/contato\/","url":"https:\/\/tipotemporarioblogs.com.br\/apantigo\/contato\/","name":"Contato - Apema","isPartOf":{"@id":"https:\/\/tipotemporarioblogs.com.br\/apantigo\/#website"},"primaryImageOfPage":{"@id":"https:\/\/tipotemporarioblogs.com.br\/apantigo\/contato\/#primaryimage"},"image":{"@id":"https:\/\/tipotemporarioblogs.com.br\/apantigo\/contato\/#primaryimage"},"thumbnailUrl":"https:\/\/tipotemporarioblogs.com.br\/apantigo\/wp-content\/uploads\/elementor\/thumbs\/Frame-2473-pzeh1xay02vf54iwvpuafe66ut6hldmsoxa44t3fuo.png","datePublished":"2022-12-26T12:40:32+00:00","dateModified":"2024-02-28T15:10:38+00:00","breadcrumb":{"@id":"https:\/\/tipotemporarioblogs.com.br\/apantigo\/contato\/#breadcrumb"},"inLanguage":"pt-BR","potentialAction":[{"@type":"ReadAction","target":["https:\/\/tipotemporarioblogs.com.br\/apantigo\/contato\/"]}]},{"@type":"ImageObject","inLanguage":"pt-BR","@id":"https:\/\/tipotemporarioblogs.com.br\/apantigo\/contato\/#primaryimage","url":"https:\/\/tipotemporarioblogs.com.br\/apantigo\/wp-content\/uploads\/elementor\/thumbs\/Frame-2473-pzeh1xay02vf54iwvpuafe66ut6hldmsoxa44t3fuo.png","contentUrl":"https:\/\/tipotemporarioblogs.com.br\/apantigo\/wp-content\/uploads\/elementor\/thumbs\/Frame-2473-pzeh1xay02vf54iwvpuafe66ut6hldmsoxa44t3fuo.png"},{"@type":"BreadcrumbList","@id":"https:\/\/tipotemporarioblogs.com.br\/apantigo\/contato\/#breadcrumb","itemListElement":[{"@type":"ListItem","position":1,"name":"In\u00edcio","item":"https:\/\/apema.com.br\/"},{"@type":"ListItem","position":2,"name":"Contato"}]},{"@type":"WebSite","@id":"https:\/\/tipotemporarioblogs.com.br\/apantigo\/#website","url":"https:\/\/tipotemporarioblogs.com.br\/apantigo\/","name":"Apema","description":"Trocadores de calor a placas Desmont\u00e1veis | Apema.com.br | S\u00e3o Paulo","publisher":{"@id":"https:\/\/tipotemporarioblogs.com.br\/apantigo\/#organization"},"potentialAction":[{"@type":"SearchAction","target":{"@type":"EntryPoint","urlTemplate":"https:\/\/tipotemporarioblogs.com.br\/apantigo\/?s={search_term_string}"},"query-input":{"@type":"PropertyValueSpecification","valueRequired":true,"valueName":"search_term_string"}}],"inLanguage":"pt-BR"},{"@type":"Organization","@id":"https:\/\/tipotemporarioblogs.com.br\/apantigo\/#organization","name":"Apema","url":"https:\/\/tipotemporarioblogs.com.br\/apantigo\/","logo":{"@type":"ImageObject","inLanguage":"pt-BR","@id":"https:\/\/tipotemporarioblogs.com.br\/apantigo\/#\/schema\/logo\/image\/","url":"https:\/\/tipotemporarioblogs.com.br\/apantigo\/wp-content\/uploads\/2022\/10\/Logo-padrao.png","contentUrl":"https:\/\/tipotemporarioblogs.com.br\/apantigo\/wp-content\/uploads\/2022\/10\/Logo-padrao.png","width":612,"height":792,"caption":"Apema"},"image":{"@id":"https:\/\/tipotemporarioblogs.com.br\/apantigo\/#\/schema\/logo\/image\/"}}]}},"_links":{"self":[{"href":"https:\/\/tipotemporarioblogs.com.br\/apantigo\/wp-json\/wp\/v2\/pages\/543","targetHints":{"allow":["GET"]}}],"collection":[{"href":"https:\/\/tipotemporarioblogs.com.br\/apantigo\/wp-json\/wp\/v2\/pages"}],"about":[{"href":"https:\/\/tipotemporarioblogs.com.br\/apantigo\/wp-json\/wp\/v2\/types\/page"}],"author":[{"embeddable":true,"href":"https:\/\/tipotemporarioblogs.com.br\/apantigo\/wp-json\/wp\/v2\/users\/2"}],"replies":[{"embeddable":true,"href":"https:\/\/tipotemporarioblogs.com.br\/apantigo\/wp-json\/wp\/v2\/comments?post=543"}],"version-history":[{"count":49,"href":"https:\/\/tipotemporarioblogs.com.br\/apantigo\/wp-json\/wp\/v2\/pages\/543\/revisions"}],"predecessor-version":[{"id":1192,"href":"https:\/\/tipotemporarioblogs.com.br\/apantigo\/wp-json\/wp\/v2\/pages\/543\/revisions\/1192"}],"wp:attachment":[{"href":"https:\/\/tipotemporarioblogs.com.br\/apantigo\/wp-json\/wp\/v2\/media?parent=543"}],"curies":[{"name":"wp","href":"https:\/\/api.w.org\/{rel}","templated":true}]}}