{"id":10,"date":"2022-10-20T14:44:37","date_gmt":"2022-10-20T14:44:37","guid":{"rendered":"https:\/\/tipotemporarioblogs.com.br\/apantigo\/?page_id=10"},"modified":"2024-02-28T15:00:23","modified_gmt":"2024-02-28T15:00:23","slug":"sobre","status":"publish","type":"page","link":"https:\/\/tipotemporarioblogs.com.br\/apantigo\/sobre\/","title":{"rendered":"Sobre"},"content":{"rendered":"\t\t<div data-elementor-type=\"wp-page\" data-elementor-id=\"10\" class=\"elementor elementor-10\">\n\t\t\t\t\t\t<section class=\"elementor-section elementor-top-section elementor-element elementor-element-40402d9 elementor-section-full_width elementor-section-height-default elementor-section-height-default\" data-id=\"40402d9\" data-element_type=\"section\" data-settings=\"{&quot;background_background&quot;:&quot;classic&quot;}\">\n\t\t\t\t\t\t\t<div class=\"elementor-background-overlay\"><\/div>\n\t\t\t\t\t\t\t<div class=\"elementor-container elementor-column-gap-default\">\n\t\t\t\t\t<div class=\"elementor-column elementor-col-100 elementor-top-column elementor-element elementor-element-4d16f5e\" data-id=\"4d16f5e\" data-element_type=\"column\">\n\t\t\t<div class=\"elementor-widget-wrap elementor-element-populated\">\n\t\t\t\t\t\t<section class=\"elementor-section elementor-inner-section elementor-element elementor-element-6c943ec elementor-section-boxed elementor-section-height-default elementor-section-height-default\" data-id=\"6c943ec\" data-element_type=\"section\">\n\t\t\t\t\t\t<div class=\"elementor-container elementor-column-gap-default\">\n\t\t\t\t\t<div class=\"elementor-column elementor-col-50 elementor-inner-column elementor-element elementor-element-08e384e\" data-id=\"08e384e\" data-element_type=\"column\">\n\t\t\t<div class=\"elementor-widget-wrap elementor-element-populated\">\n\t\t\t\t\t\t<div class=\"elementor-element elementor-element-1a0214b elementor-widget elementor-widget-heading\" data-id=\"1a0214b\" data-element_type=\"widget\" data-widget_type=\"heading.default\">\n\t\t\t\t<div class=\"elementor-widget-container\">\n\t\t\t<h1 class=\"elementor-heading-title elementor-size-default\">Sobre n\u00f3s<\/h1>\t\t<\/div>\n\t\t\t\t<\/div>\n\t\t\t\t\t<\/div>\n\t\t<\/div>\n\t\t\t\t<div class=\"elementor-column elementor-col-50 elementor-inner-column elementor-element elementor-element-4472f8d\" data-id=\"4472f8d\" data-element_type=\"column\">\n\t\t\t<div class=\"elementor-widget-wrap\">\n\t\t\t\t\t\t\t<\/div>\n\t\t<\/div>\n\t\t\t\t\t<\/div>\n\t\t<\/section>\n\t\t\t\t\t<\/div>\n\t\t<\/div>\n\t\t\t\t\t<\/div>\n\t\t<\/section>\n\t\t\t\t<section class=\"elementor-section elementor-top-section elementor-element elementor-element-77e17a7 elementor-section-boxed elementor-section-height-default elementor-section-height-default\" data-id=\"77e17a7\" data-element_type=\"section\">\n\t\t\t\t\t\t<div class=\"elementor-container elementor-column-gap-default\">\n\t\t\t\t\t<div class=\"elementor-column elementor-col-66 elementor-top-column elementor-element elementor-element-22edd6a\" data-id=\"22edd6a\" data-element_type=\"column\">\n\t\t\t<div class=\"elementor-widget-wrap elementor-element-populated\">\n\t\t\t\t\t\t<div class=\"elementor-element elementor-element-8225c90 elementor-widget-divider--view-line elementor-widget elementor-widget-divider\" data-id=\"8225c90\" data-element_type=\"widget\" data-widget_type=\"divider.default\">\n\t\t\t\t<div class=\"elementor-widget-container\">\n\t\t\t\t\t<div class=\"elementor-divider\">\n\t\t\t<span class=\"elementor-divider-separator\">\n\t\t\t\t\t\t<\/span>\n\t\t<\/div>\n\t\t\t\t<\/div>\n\t\t\t\t<\/div>\n\t\t\t\t<div class=\"elementor-element elementor-element-741e2ca elementor-widget__width-initial elementor-widget elementor-widget-text-editor\" data-id=\"741e2ca\" data-element_type=\"widget\" data-widget_type=\"text-editor.default\">\n\t\t\t\t<div class=\"elementor-widget-container\">\n\t\t\t\t\t\t\t<p>A <b>APEMA<\/b> foi fundada em 1964, no bairro de Santo Amaro, no munic\u00edpio de S\u00e3o Paulo, com uma proposta inicial de fabricar componentes para Refrigera\u00e7\u00e3o Industrial. Em 1968, iniciou um processo de especializa\u00e7\u00e3o em trocadores de calor e, gra\u00e7as a sua reconhecida compet\u00eancia, profissionalismo e entusiasmo, bem como a excelente receptividade do mercado aos seus produtos, logo precisou ampliar seu espa\u00e7o para o desenvolvimento de suas atividades.<br \/>Assim, em 1976, concluiu seu parque industrial no munic\u00edpio de S\u00e3o Bernardo do Campo \u2013 SP, com uma \u00e1rea constru\u00edda de aproximadamente 10.000m\u00b2.<\/p><p>Em 2020 a APEMA concluiu a amplia\u00e7\u00e3o de seu parque fabril para atender as necessidades visando atender uma demanda de crescimento de suas vendas para o Brasil e exporta\u00e7\u00e3o.<\/p><p>A <strong>APEMA<\/strong> \u00e9 refer\u00eancia em equipamentos de troca t\u00e9rmica, projetando e produzindo os mais diversos tipos de trocadores de calor. De equipamentos standards que atendem aos mercados de fabricantes de m\u00e1quinas, unidades hidr\u00e1ulicas e refrigera\u00e7\u00e3o industrial, at\u00e9 equipamentos especiais sob encomendas para atender aos Setores de Papel e Celulose, Energia, Qu\u00edmico, Petroqu\u00edmico, \u00d3leo &amp; G\u00e1s, Off Shore, Aliment\u00edcio, Sider\u00fargico e outros.<\/p><p>Com mais de cinco d\u00e9cadas de experi\u00eancia, a cada dia a APEMA se fortalece ainda mais para manter sua filosofia de apresentar a seus clientes uma atua\u00e7\u00e3o eficaz em todos os sentidos, sendo fiel aos princ\u00edpios de compet\u00eancia e responsabilidade instaurados pelos seus fundadores.<\/p>\t\t\t\t\t\t<\/div>\n\t\t\t\t<\/div>\n\t\t\t\t\t<\/div>\n\t\t<\/div>\n\t\t\t\t<div class=\"elementor-column elementor-col-33 elementor-top-column elementor-element elementor-element-7679038\" data-id=\"7679038\" data-element_type=\"column\">\n\t\t\t<div class=\"elementor-widget-wrap elementor-element-populated\">\n\t\t\t\t\t\t<div class=\"elementor-element elementor-element-d51dfd7 elementor-widget elementor-widget-image\" data-id=\"d51dfd7\" data-element_type=\"widget\" data-widget_type=\"image.default\">\n\t\t\t\t<div class=\"elementor-widget-container\">\n\t\t\t\t\t\t\t\t\t\t\t\t\t<img fetchpriority=\"high\" decoding=\"async\" width=\"384\" height=\"384\" src=\"https:\/\/tipotemporarioblogs.com.br\/apantigo\/wp-content\/uploads\/2022\/12\/Ellipse-3.png\" class=\"attachment-large size-large wp-image-386\" alt=\"\" srcset=\"https:\/\/tipotemporarioblogs.com.br\/apantigo\/wp-content\/uploads\/2022\/12\/Ellipse-3.png 384w, https:\/\/tipotemporarioblogs.com.br\/apantigo\/wp-content\/uploads\/2022\/12\/Ellipse-3-300x300.png 300w, https:\/\/tipotemporarioblogs.com.br\/apantigo\/wp-content\/uploads\/2022\/12\/Ellipse-3-150x150.png 150w\" sizes=\"(max-width: 384px) 100vw, 384px\" \/>\t\t\t\t\t\t\t\t\t\t\t\t\t<\/div>\n\t\t\t\t<\/div>\n\t\t\t\t\t<\/div>\n\t\t<\/div>\n\t\t\t\t\t<\/div>\n\t\t<\/section>\n\t\t\t\t<section class=\"elementor-section elementor-top-section elementor-element elementor-element-57624f1 elementor-section-boxed elementor-section-height-default elementor-section-height-default\" data-id=\"57624f1\" data-element_type=\"section\">\n\t\t\t\t\t\t<div class=\"elementor-container elementor-column-gap-default\">\n\t\t\t\t\t<div class=\"elementor-column elementor-col-50 elementor-top-column elementor-element elementor-element-31aa98f\" data-id=\"31aa98f\" data-element_type=\"column\">\n\t\t\t<div class=\"elementor-widget-wrap elementor-element-populated\">\n\t\t\t\t\t\t<div class=\"elementor-element elementor-element-73617ce elementor-widget__width-initial elementor-widget elementor-widget-image\" data-id=\"73617ce\" data-element_type=\"widget\" data-widget_type=\"image.default\">\n\t\t\t\t<div class=\"elementor-widget-container\">\n\t\t\t\t\t\t\t\t\t\t\t\t\t<img decoding=\"async\" width=\"495\" height=\"399\" src=\"https:\/\/tipotemporarioblogs.com.br\/apantigo\/wp-content\/uploads\/2023\/04\/d62be3_3180bfa234564315ac92bb86dcf00199mv2.webp\" class=\"attachment-large size-large wp-image-717\" alt=\"\" srcset=\"https:\/\/tipotemporarioblogs.com.br\/apantigo\/wp-content\/uploads\/2023\/04\/d62be3_3180bfa234564315ac92bb86dcf00199mv2.webp 495w, https:\/\/tipotemporarioblogs.com.br\/apantigo\/wp-content\/uploads\/2023\/04\/d62be3_3180bfa234564315ac92bb86dcf00199mv2-300x242.webp 300w\" sizes=\"(max-width: 495px) 100vw, 495px\" \/>\t\t\t\t\t\t\t\t\t\t\t\t\t<\/div>\n\t\t\t\t<\/div>\n\t\t\t\t\t<\/div>\n\t\t<\/div>\n\t\t\t\t<div class=\"elementor-column elementor-col-50 elementor-top-column elementor-element elementor-element-44fbf95\" data-id=\"44fbf95\" data-element_type=\"column\">\n\t\t\t<div class=\"elementor-widget-wrap elementor-element-populated\">\n\t\t\t\t\t\t<div class=\"elementor-element elementor-element-526abf4 elementor-widget__width-initial elementor-widget elementor-widget-text-editor\" data-id=\"526abf4\" data-element_type=\"widget\" data-widget_type=\"text-editor.default\">\n\t\t\t\t<div class=\"elementor-widget-container\">\n\t\t\t\t\t\t\t<p>O tema ESG vem se tornando uma grande tend\u00eancia nos \u00faltimos anos e \u00e9 uma resposta necess\u00e1ria a sociedade contempor\u00e2nea. Aqui na Apema, diversos projetos e medidas relacionadas ao acr\u00f4nimo (Ambiental, Social e Governan\u00e7a traduzindo do ingl\u00eas) s\u00e3o implementadas, convidamos voc\u00ea a conhecer algumas delas.<\/p><p>Ambiental: Internamente \u00e9 feita uma separa\u00e7\u00e3o do lixo recicl\u00e1vel do org\u00e2nico, onde todo o material recicl\u00e1vel \u00e9 doado para a Coopcent ABC localizado na cidade de S\u00e3o Bernardo do Campo. Ainda na pauta ambiental e com o objetivo de diminuir nossa emiss\u00e3o de CO2, investimos na instala\u00e7\u00e3o de pain\u00e9is solares, buscando uma energia limpa e renov\u00e1vel.<\/p><p>Social: Al\u00e9m da doa\u00e7\u00e3o dos recicl\u00e1veis, tamb\u00e9m realizamos a doa\u00e7\u00e3o de cestas b\u00e1sicas aos catadores da Coopcent ABC. Sabemos que o tratamento de doen\u00e7as como o linfoma e a leucemia, al\u00e9m de ser invasivo ao portador, tamb\u00e9m \u00e9 muito caro. Pensando nisso, n\u00f3s fazemos doa\u00e7\u00f5es para a ABRALE, a Associa\u00e7\u00e3o Brasileira de Linfoma e Leucemia, que busca ajudar pessoas oferecendo tratamento gratuito para essas e outras doen\u00e7as. Temos muito orgulho de dizer que possu\u00edmos o Selo \u201cInvestimos na Vida\u201d, oriundo de nossas doa\u00e7\u00f5es mensais que buscam ajudar essa causa t\u00e3o nobre.<\/p><p>Governan\u00e7a: Um de nossos projetos de governan\u00e7a foi a cria\u00e7\u00e3o de um c\u00f3digo de conduta que atinge todos os colaboradores da empresa, independente de fun\u00e7\u00e3o ou n\u00edvel hier\u00e1rquico. Decorrente do c\u00f3digo de conduta, temos tamb\u00e9m um conselho, respons\u00e1vel por apurar as den\u00fancias recebidas e aplicar as penalidades de acordo com o que consta no mesmo.<\/p>\t\t\t\t\t\t<\/div>\n\t\t\t\t<\/div>\n\t\t\t\t\t<\/div>\n\t\t<\/div>\n\t\t\t\t\t<\/div>\n\t\t<\/section>\n\t\t\t\t<section class=\"elementor-section elementor-top-section elementor-element elementor-element-8cc4d3f elementor-section-boxed elementor-section-height-default elementor-section-height-default\" data-id=\"8cc4d3f\" data-element_type=\"section\">\n\t\t\t\t\t\t<div class=\"elementor-container elementor-column-gap-default\">\n\t\t\t\t\t<div class=\"elementor-column elementor-col-33 elementor-top-column elementor-element elementor-element-6592782\" data-id=\"6592782\" data-element_type=\"column\">\n\t\t\t<div class=\"elementor-widget-wrap\">\n\t\t\t\t\t\t\t<\/div>\n\t\t<\/div>\n\t\t\t\t<div class=\"elementor-column elementor-col-66 elementor-top-column elementor-element elementor-element-bed90d1\" data-id=\"bed90d1\" data-element_type=\"column\">\n\t\t\t<div class=\"elementor-widget-wrap\">\n\t\t\t\t\t\t\t<\/div>\n\t\t<\/div>\n\t\t\t\t\t<\/div>\n\t\t<\/section>\n\t\t\t\t<\/div>\n\t\t","protected":false},"excerpt":{"rendered":"<p>Sobre n\u00f3s A APEMA foi fundada em 1964, no bairro de Santo Amaro, no munic\u00edpio de S\u00e3o Paulo, com uma proposta inicial de fabricar componentes para Refrigera\u00e7\u00e3o Industrial. Em 1968, iniciou um processo de especializa\u00e7\u00e3o em trocadores de calor e, gra\u00e7as a sua reconhecida compet\u00eancia, profissionalismo e entusiasmo, bem como a excelente receptividade do mercado [&hellip;]<\/p>\n","protected":false},"author":2,"featured_media":0,"parent":0,"menu_order":0,"comment_status":"closed","ping_status":"closed","template":"elementor_header_footer","meta":{"footnotes":""},"class_list":["post-10","page","type-page","status-publish","hentry"],"yoast_head":"<!-- This site is optimized with the Yoast SEO plugin v23.6 - https:\/\/yoast.com\/wordpress\/plugins\/seo\/ -->\n<title>Sobre - Apema<\/title>\n<meta name=\"robots\" content=\"noindex, follow, max-snippet:-1, max-image-preview:large, max-video-preview:-1\" \/>\n<meta property=\"og:locale\" content=\"pt_BR\" \/>\n<meta property=\"og:type\" content=\"article\" \/>\n<meta property=\"og:title\" content=\"Sobre - Apema\" \/>\n<meta property=\"og:description\" content=\"Sobre n\u00f3s A APEMA foi fundada em 1964, no bairro de Santo Amaro, no munic\u00edpio de S\u00e3o Paulo, com uma proposta inicial de fabricar componentes para Refrigera\u00e7\u00e3o Industrial. Em 1968, iniciou um processo de especializa\u00e7\u00e3o em trocadores de calor e, gra\u00e7as a sua reconhecida compet\u00eancia, profissionalismo e entusiasmo, bem como a excelente receptividade do mercado [&hellip;]\" \/>\n<meta property=\"og:url\" content=\"https:\/\/tipotemporarioblogs.com.br\/apantigo\/sobre\/\" \/>\n<meta property=\"og:site_name\" content=\"Apema\" \/>\n<meta property=\"article:modified_time\" content=\"2024-02-28T15:00:23+00:00\" \/>\n<meta property=\"og:image\" content=\"https:\/\/tipotemporarioblogs.com.br\/apantigo\/wp-content\/uploads\/2022\/12\/Ellipse-3.png\" \/>\n<meta name=\"twitter:card\" content=\"summary_large_image\" \/>\n<meta name=\"twitter:label1\" content=\"Est. tempo de leitura\" \/>\n\t<meta name=\"twitter:data1\" content=\"2 minutos\" \/>\n<script type=\"application\/ld+json\" class=\"yoast-schema-graph\">{\"@context\":\"https:\/\/schema.org\",\"@graph\":[{\"@type\":\"WebPage\",\"@id\":\"https:\/\/tipotemporarioblogs.com.br\/apantigo\/sobre\/\",\"url\":\"https:\/\/tipotemporarioblogs.com.br\/apantigo\/sobre\/\",\"name\":\"Sobre - Apema\",\"isPartOf\":{\"@id\":\"https:\/\/tipotemporarioblogs.com.br\/apantigo\/#website\"},\"primaryImageOfPage\":{\"@id\":\"https:\/\/tipotemporarioblogs.com.br\/apantigo\/sobre\/#primaryimage\"},\"image\":{\"@id\":\"https:\/\/tipotemporarioblogs.com.br\/apantigo\/sobre\/#primaryimage\"},\"thumbnailUrl\":\"https:\/\/tipotemporarioblogs.com.br\/apantigo\/wp-content\/uploads\/2022\/12\/Ellipse-3.png\",\"datePublished\":\"2022-10-20T14:44:37+00:00\",\"dateModified\":\"2024-02-28T15:00:23+00:00\",\"breadcrumb\":{\"@id\":\"https:\/\/tipotemporarioblogs.com.br\/apantigo\/sobre\/#breadcrumb\"},\"inLanguage\":\"pt-BR\",\"potentialAction\":[{\"@type\":\"ReadAction\",\"target\":[\"https:\/\/tipotemporarioblogs.com.br\/apantigo\/sobre\/\"]}]},{\"@type\":\"ImageObject\",\"inLanguage\":\"pt-BR\",\"@id\":\"https:\/\/tipotemporarioblogs.com.br\/apantigo\/sobre\/#primaryimage\",\"url\":\"https:\/\/tipotemporarioblogs.com.br\/apantigo\/wp-content\/uploads\/2022\/12\/Ellipse-3.png\",\"contentUrl\":\"https:\/\/tipotemporarioblogs.com.br\/apantigo\/wp-content\/uploads\/2022\/12\/Ellipse-3.png\",\"width\":384,\"height\":384},{\"@type\":\"BreadcrumbList\",\"@id\":\"https:\/\/tipotemporarioblogs.com.br\/apantigo\/sobre\/#breadcrumb\",\"itemListElement\":[{\"@type\":\"ListItem\",\"position\":1,\"name\":\"In\u00edcio\",\"item\":\"https:\/\/apema.com.br\/\"},{\"@type\":\"ListItem\",\"position\":2,\"name\":\"Sobre\"}]},{\"@type\":\"WebSite\",\"@id\":\"https:\/\/tipotemporarioblogs.com.br\/apantigo\/#website\",\"url\":\"https:\/\/tipotemporarioblogs.com.br\/apantigo\/\",\"name\":\"Apema\",\"description\":\"Trocadores de calor a placas Desmont\u00e1veis | Apema.com.br | S\u00e3o Paulo\",\"publisher\":{\"@id\":\"https:\/\/tipotemporarioblogs.com.br\/apantigo\/#organization\"},\"potentialAction\":[{\"@type\":\"SearchAction\",\"target\":{\"@type\":\"EntryPoint\",\"urlTemplate\":\"https:\/\/tipotemporarioblogs.com.br\/apantigo\/?s={search_term_string}\"},\"query-input\":{\"@type\":\"PropertyValueSpecification\",\"valueRequired\":true,\"valueName\":\"search_term_string\"}}],\"inLanguage\":\"pt-BR\"},{\"@type\":\"Organization\",\"@id\":\"https:\/\/tipotemporarioblogs.com.br\/apantigo\/#organization\",\"name\":\"Apema\",\"url\":\"https:\/\/tipotemporarioblogs.com.br\/apantigo\/\",\"logo\":{\"@type\":\"ImageObject\",\"inLanguage\":\"pt-BR\",\"@id\":\"https:\/\/tipotemporarioblogs.com.br\/apantigo\/#\/schema\/logo\/image\/\",\"url\":\"https:\/\/tipotemporarioblogs.com.br\/apantigo\/wp-content\/uploads\/2022\/10\/Logo-padrao.png\",\"contentUrl\":\"https:\/\/tipotemporarioblogs.com.br\/apantigo\/wp-content\/uploads\/2022\/10\/Logo-padrao.png\",\"width\":612,\"height\":792,\"caption\":\"Apema\"},\"image\":{\"@id\":\"https:\/\/tipotemporarioblogs.com.br\/apantigo\/#\/schema\/logo\/image\/\"}}]}<\/script>\n<!-- \/ Yoast SEO plugin. -->","yoast_head_json":{"title":"Sobre - Apema","robots":{"index":"noindex","follow":"follow","max-snippet":"max-snippet:-1","max-image-preview":"max-image-preview:large","max-video-preview":"max-video-preview:-1"},"og_locale":"pt_BR","og_type":"article","og_title":"Sobre - Apema","og_description":"Sobre n\u00f3s A APEMA foi fundada em 1964, no bairro de Santo Amaro, no munic\u00edpio de S\u00e3o Paulo, com uma proposta inicial de fabricar componentes para Refrigera\u00e7\u00e3o Industrial. Em 1968, iniciou um processo de especializa\u00e7\u00e3o em trocadores de calor e, gra\u00e7as a sua reconhecida compet\u00eancia, profissionalismo e entusiasmo, bem como a excelente receptividade do mercado [&hellip;]","og_url":"https:\/\/tipotemporarioblogs.com.br\/apantigo\/sobre\/","og_site_name":"Apema","article_modified_time":"2024-02-28T15:00:23+00:00","og_image":[{"url":"https:\/\/tipotemporarioblogs.com.br\/apantigo\/wp-content\/uploads\/2022\/12\/Ellipse-3.png"}],"twitter_card":"summary_large_image","twitter_misc":{"Est. tempo de leitura":"2 minutos"},"schema":{"@context":"https:\/\/schema.org","@graph":[{"@type":"WebPage","@id":"https:\/\/tipotemporarioblogs.com.br\/apantigo\/sobre\/","url":"https:\/\/tipotemporarioblogs.com.br\/apantigo\/sobre\/","name":"Sobre - Apema","isPartOf":{"@id":"https:\/\/tipotemporarioblogs.com.br\/apantigo\/#website"},"primaryImageOfPage":{"@id":"https:\/\/tipotemporarioblogs.com.br\/apantigo\/sobre\/#primaryimage"},"image":{"@id":"https:\/\/tipotemporarioblogs.com.br\/apantigo\/sobre\/#primaryimage"},"thumbnailUrl":"https:\/\/tipotemporarioblogs.com.br\/apantigo\/wp-content\/uploads\/2022\/12\/Ellipse-3.png","datePublished":"2022-10-20T14:44:37+00:00","dateModified":"2024-02-28T15:00:23+00:00","breadcrumb":{"@id":"https:\/\/tipotemporarioblogs.com.br\/apantigo\/sobre\/#breadcrumb"},"inLanguage":"pt-BR","potentialAction":[{"@type":"ReadAction","target":["https:\/\/tipotemporarioblogs.com.br\/apantigo\/sobre\/"]}]},{"@type":"ImageObject","inLanguage":"pt-BR","@id":"https:\/\/tipotemporarioblogs.com.br\/apantigo\/sobre\/#primaryimage","url":"https:\/\/tipotemporarioblogs.com.br\/apantigo\/wp-content\/uploads\/2022\/12\/Ellipse-3.png","contentUrl":"https:\/\/tipotemporarioblogs.com.br\/apantigo\/wp-content\/uploads\/2022\/12\/Ellipse-3.png","width":384,"height":384},{"@type":"BreadcrumbList","@id":"https:\/\/tipotemporarioblogs.com.br\/apantigo\/sobre\/#breadcrumb","itemListElement":[{"@type":"ListItem","position":1,"name":"In\u00edcio","item":"https:\/\/apema.com.br\/"},{"@type":"ListItem","position":2,"name":"Sobre"}]},{"@type":"WebSite","@id":"https:\/\/tipotemporarioblogs.com.br\/apantigo\/#website","url":"https:\/\/tipotemporarioblogs.com.br\/apantigo\/","name":"Apema","description":"Trocadores de calor a placas Desmont\u00e1veis | Apema.com.br | S\u00e3o Paulo","publisher":{"@id":"https:\/\/tipotemporarioblogs.com.br\/apantigo\/#organization"},"potentialAction":[{"@type":"SearchAction","target":{"@type":"EntryPoint","urlTemplate":"https:\/\/tipotemporarioblogs.com.br\/apantigo\/?s={search_term_string}"},"query-input":{"@type":"PropertyValueSpecification","valueRequired":true,"valueName":"search_term_string"}}],"inLanguage":"pt-BR"},{"@type":"Organization","@id":"https:\/\/tipotemporarioblogs.com.br\/apantigo\/#organization","name":"Apema","url":"https:\/\/tipotemporarioblogs.com.br\/apantigo\/","logo":{"@type":"ImageObject","inLanguage":"pt-BR","@id":"https:\/\/tipotemporarioblogs.com.br\/apantigo\/#\/schema\/logo\/image\/","url":"https:\/\/tipotemporarioblogs.com.br\/apantigo\/wp-content\/uploads\/2022\/10\/Logo-padrao.png","contentUrl":"https:\/\/tipotemporarioblogs.com.br\/apantigo\/wp-content\/uploads\/2022\/10\/Logo-padrao.png","width":612,"height":792,"caption":"Apema"},"image":{"@id":"https:\/\/tipotemporarioblogs.com.br\/apantigo\/#\/schema\/logo\/image\/"}}]}},"_links":{"self":[{"href":"https:\/\/tipotemporarioblogs.com.br\/apantigo\/wp-json\/wp\/v2\/pages\/10","targetHints":{"allow":["GET"]}}],"collection":[{"href":"https:\/\/tipotemporarioblogs.com.br\/apantigo\/wp-json\/wp\/v2\/pages"}],"about":[{"href":"https:\/\/tipotemporarioblogs.com.br\/apantigo\/wp-json\/wp\/v2\/types\/page"}],"author":[{"embeddable":true,"href":"https:\/\/tipotemporarioblogs.com.br\/apantigo\/wp-json\/wp\/v2\/users\/2"}],"replies":[{"embeddable":true,"href":"https:\/\/tipotemporarioblogs.com.br\/apantigo\/wp-json\/wp\/v2\/comments?post=10"}],"version-history":[{"count":46,"href":"https:\/\/tipotemporarioblogs.com.br\/apantigo\/wp-json\/wp\/v2\/pages\/10\/revisions"}],"predecessor-version":[{"id":1189,"href":"https:\/\/tipotemporarioblogs.com.br\/apantigo\/wp-json\/wp\/v2\/pages\/10\/revisions\/1189"}],"wp:attachment":[{"href":"https:\/\/tipotemporarioblogs.com.br\/apantigo\/wp-json\/wp\/v2\/media?parent=10"}],"curies":[{"name":"wp","href":"https:\/\/api.w.org\/{rel}","templated":true}]}}